{"id":3138,"date":"2024-11-14T07:47:54","date_gmt":"2024-11-14T07:47:54","guid":{"rendered":"https:\/\/adipmaster.com\/?page_id=3138"},"modified":"2025-04-08T09:27:06","modified_gmt":"2025-04-08T09:27:06","slug":"mentions-legales","status":"publish","type":"page","link":"https:\/\/www.adip.osmoze.be\/fr\/mentions-legales\/","title":{"rendered":"Mentions l\u00e9gales"},"content":{"rendered":"<p><strong>Publication et propri\u00e9t\u00e9<\/strong><\/p>\n\n\n\n<p>ADIPMASTER.COM est \u00e9dit\u00e9 par la soci\u00e9t\u00e9 EUROMI SA dont le si\u00e8ge social est situ\u00e9 au Zoning Industriel des Plenesses, 11 rue des Nouvelles Technologies, 4821 Andrimont (Belgique).<\/p>\n\n\n\n<p>Ce site est la propri\u00e9t\u00e9 de la soci\u00e9t\u00e9 EUROMI SA avec pour Responsable Monsieur David Leleu, Directeur g\u00e9n\u00e9ral d\u2019EUROMI SA.<\/p>\n\n\n\n<p><strong>Conditions d\u2019utilisation<\/strong><\/p>\n\n\n\n<p>Ces mentions l\u00e9gales s\u2019appliquent au site Web Adipmaster  : www.adipmaster.com. En utilisant le site, vous acceptez ces conditions d\u2019utilisation.<\/p>\n\n\n\n<p><strong>Contenu et propri\u00e9t\u00e9 intellectuelle<\/strong><\/p>\n\n\n\n<p>L\u2019ensemble du contenu (incluant de fa\u00e7on non limitative les textes, logos, photographies, vid\u00e9os, \u00e9l\u00e9ments graphiques.) figurant sur le site d'EUROMI SA est la propri\u00e9t\u00e9 exclusive d\u2019EUROMI SA ou est c\u00e9d\u00e9 sous licence \u00e0EUROMI SA. Ce contenu est prot\u00e9g\u00e9 par la l\u00e9gislation sur le droit d\u2019auteur, les brevets et les marques, la propri\u00e9t\u00e9 intellectuelle et industrielle.<\/p>\n\n\n\n<p>De ce fait, toute reproduction, repr\u00e9sentation, m\u00eame partielle, de ce contenu, sa traduction ainsi que son h\u00e9bergement et traitement dans d\u2019autres m\u00e9dias \u00e9lectroniques, rel\u00e8vent des droits d\u2019auteur. La copie et l\u2019exploitation sont soumises \u00e0 une autorisation expresse, pr\u00e9alable et \u00e9crite d\u2019EUROMI SA.<\/p>\n\n\n\n<p><strong>Limitation de responsabilit\u00e9<\/strong><\/p>\n\n\n\n<p>Les informations contenues sur le site www.adipmaster.com sont aussi pr\u00e9cises que possibles. Toutefois, les informations fournies sont non exhaustives. Merci donc, en cas d\u2019omissions ou d\u2019inexactitudes, de bien vouloir nous signaler par email l\u2019erreur ou le dysfonctionnement rencontr\u00e9.<\/p>\n\n\n\n<p>Tout contenu t\u00e9l\u00e9charg\u00e9 se fait aux risques et p\u00e9rils de l\u2019utilisateur et sous sa seule responsabilit\u00e9. EUROMI SA ne saurait donc \u00eatre tenu responsable d\u2019un quelconque dommage subi par l\u2019ordinateur de l\u2019utilisateur ou d\u2019une quelconque perte de donn\u00e9es cons\u00e9cutives au t\u00e9l\u00e9chargement d\u2019un document.<\/p>\n\n\n\n<p>Les photos des produits sont publi\u00e9es \u00e0 titre d\u2019information et sont non contractuelles.<\/p>\n\n\n\n<p><strong>Cookies<\/strong><\/p>\n\n\n\n<p>L\u2019utilisateur est inform\u00e9, que lors de ses visites sur le site, un cookie peut s\u2019installer automatiquement sur son logiciel de navigation. Le cookie est un bloc de donn\u00e9es qui ne permet pas d\u2019identifier l\u2019utilisateur mais sert \u00e0 enregistrer des informations relatives \u00e0 la navigation de celui-ci sur le site.<\/p>\n\n\n\n<p>L\u2019utilisation de ces cookies a pour finalit\u00e9 de proc\u00e9der \u00e0 des analyses de fr\u00e9quentation, mesures d\u2019audience \u00e0 l\u2019aide de Google Analytics afin d\u2019am\u00e9liorer la qualit\u00e9 du site. L\u2019utilisateur peut cependant s\u2019opposer \u00e0 la mise en place de \u00ab cookies \u00bb en d\u00e9sactivant cette option dans les param\u00e8tres de son navigateur.<\/p>\n\n\n\n<p><strong>Droit d\u2019acc\u00e8s<\/strong><\/p>\n\n\n\n<p>Les internautes disposent d\u2019un droit d\u2019acc\u00e8s, de rectification, de modification et de suppression concernant les donn\u00e9es qui les concernent personnellement. Pour exercer votre droit, il vous suffit de nous adresser un email \u00e0 l\u2019adresse suivant : info@euromi.com ou de nous envoyer un courrier \u00e0 : EUROMI SA, Zoning Industriel des Plenesses, 11 rue des Nouvelles Technologies, 4821 Andrimont (Belgique), en nous indiquant vos nom, pr\u00e9nom, adresse e-mail et si possible votre r\u00e9f\u00e9rence client.<\/p>\n\n\n\n<p>Les donn\u00e9es collect\u00e9es ne le sont qu\u2019\u00e0 des fins statistiques (nombre de visiteurs, pages sources, pages visit\u00e9es, temps de visite) et d\u2019am\u00e9lioration du site et de nos prestations.<\/p>\n\n\n\n<p><strong>Conditions de service<\/strong><\/p>\n\n\n\n<p>Ce site est propos\u00e9 en langages PHP, JAVASCRIPT, HTML5 et CSS3, pour un meilleur confort d\u2019utilisation et un graphisme plus agr\u00e9able, nous vous recommandons de recourir \u00e0 des navigateurs modernes \u00e0 jour comme Chrome, Internet explorer 9 et plus, Firefox.<\/p>\n\n\n\n<p><strong>Contact<\/strong><\/p>\n\n\n\n<p>Pour toute question ou commentaire, nous vous invitons \u00e0 prendre contact avec nous gr\u00e2ce au\u00a0<a href=\"https:\/\/www.adip.osmoze.be\/contact-us\/\">formulaire de contact en ligne<\/a>\u00a0ou par t\u00e9l\u00e9phone au +33 (0)3 27 83 69 57.<\/p>\n\n\n\n<p>Site \u00e9dit\u00e9 et publi\u00e9 par EUROMI SA<\/p>","protected":false},"excerpt":{"rendered":"<p>Publication and ownership ADIPMASTER.COM is published by the company EUROMI SA whose head office is located at the Zoning Industriel des Plenesses, 11 rue des Nouvelles Technologies, 4821 Andrimont (Belgium). This site is the property of the company EUROMI SA with as Responsible Mr. David Leleu, Managing Director of EUROMI SA. Terms of use These [&hellip;]<\/p>","protected":false},"author":1,"featured_media":0,"parent":0,"menu_order":0,"comment_status":"closed","ping_status":"closed","template":"","meta":{"footnotes":""},"class_list":["post-3138","page","type-page","status-publish","hentry"],"yoast_head":"<!-- This site is optimized with the Yoast SEO plugin v26.4 - https:\/\/yoast.com\/wordpress\/plugins\/seo\/ -->\n<title>Mentions l\u00e9gales - Adipmaster<\/title>\n<meta name=\"robots\" content=\"noindex, follow, max-snippet:-1, max-image-preview:large, max-video-preview:-1\" \/>\n<meta property=\"og:locale\" content=\"fr_FR\" \/>\n<meta property=\"og:type\" content=\"article\" \/>\n<meta property=\"og:title\" content=\"Mentions l\u00e9gales - Adipmaster\" \/>\n<meta property=\"og:description\" content=\"Publication and ownership ADIPMASTER.COM is published by the company EUROMI SA whose head office is located at the Zoning Industriel des Plenesses, 11 rue des Nouvelles Technologies, 4821 Andrimont (Belgium). This site is the property of the company EUROMI SA with as Responsible Mr. David Leleu, Managing Director of EUROMI SA. Terms of use These [&hellip;]\" \/>\n<meta property=\"og:url\" content=\"https:\/\/www.adip.osmoze.be\/fr\/mentions-legales\/\" \/>\n<meta property=\"og:site_name\" content=\"Adipmaster\" \/>\n<meta property=\"article:modified_time\" content=\"2025-04-08T09:27:06+00:00\" \/>\n<meta name=\"twitter:card\" content=\"summary_large_image\" \/>\n<meta name=\"twitter:label1\" content=\"Dur\u00e9e de lecture estim\u00e9e\" \/>\n\t<meta name=\"twitter:data1\" content=\"3 minutes\" \/>\n<script type=\"application\/ld+json\" class=\"yoast-schema-graph\">{\"@context\":\"https:\/\/schema.org\",\"@graph\":[{\"@type\":\"WebPage\",\"@id\":\"https:\/\/www.adip.osmoze.be\/fr\/mentions-legales\/\",\"url\":\"https:\/\/www.adip.osmoze.be\/fr\/mentions-legales\/\",\"name\":\"Mentions l\u00e9gales - Adipmaster\",\"isPartOf\":{\"@id\":\"https:\/\/www.adip.osmoze.be\/fr\/#website\"},\"datePublished\":\"2024-11-14T07:47:54+00:00\",\"dateModified\":\"2025-04-08T09:27:06+00:00\",\"breadcrumb\":{\"@id\":\"https:\/\/www.adip.osmoze.be\/fr\/mentions-legales\/#breadcrumb\"},\"inLanguage\":\"fr-FR\",\"potentialAction\":[{\"@type\":\"ReadAction\",\"target\":[\"https:\/\/www.adip.osmoze.be\/fr\/mentions-legales\/\"]}]},{\"@type\":\"BreadcrumbList\",\"@id\":\"https:\/\/www.adip.osmoze.be\/fr\/mentions-legales\/#breadcrumb\",\"itemListElement\":[{\"@type\":\"ListItem\",\"position\":1,\"name\":\"Home\",\"item\":\"https:\/\/www.adip.osmoze.be\/fr\/accueil\/\"},{\"@type\":\"ListItem\",\"position\":2,\"name\":\"Legal Notice\"}]},{\"@type\":\"WebSite\",\"@id\":\"https:\/\/www.adip.osmoze.be\/fr\/#website\",\"url\":\"https:\/\/www.adip.osmoze.be\/fr\/\",\"name\":\"Adipmaster\",\"description\":\"\",\"publisher\":{\"@id\":\"https:\/\/www.adip.osmoze.be\/fr\/#organization\"},\"potentialAction\":[{\"@type\":\"SearchAction\",\"target\":{\"@type\":\"EntryPoint\",\"urlTemplate\":\"https:\/\/www.adip.osmoze.be\/fr\/?s={search_term_string}\"},\"query-input\":{\"@type\":\"PropertyValueSpecification\",\"valueRequired\":true,\"valueName\":\"search_term_string\"}}],\"inLanguage\":\"fr-FR\"},{\"@type\":\"Organization\",\"@id\":\"https:\/\/www.adip.osmoze.be\/fr\/#organization\",\"name\":\"Adipmaster\",\"url\":\"https:\/\/www.adip.osmoze.be\/fr\/\",\"logo\":{\"@type\":\"ImageObject\",\"inLanguage\":\"fr-FR\",\"@id\":\"https:\/\/www.adip.osmoze.be\/fr\/#\/schema\/logo\/image\/\",\"url\":\"https:\/\/www.adip.osmoze.be\/wp-content\/uploads\/2024\/09\/Adipmaster.png\",\"contentUrl\":\"https:\/\/www.adip.osmoze.be\/wp-content\/uploads\/2024\/09\/Adipmaster.png\",\"width\":2835,\"height\":917,\"caption\":\"Adipmaster\"},\"image\":{\"@id\":\"https:\/\/www.adip.osmoze.be\/fr\/#\/schema\/logo\/image\/\"}}]}<\/script>\n<!-- \/ Yoast SEO plugin. -->","yoast_head_json":{"title":"Mentions l\u00e9gales - Adipmaster","robots":{"index":"noindex","follow":"follow","max-snippet":"max-snippet:-1","max-image-preview":"max-image-preview:large","max-video-preview":"max-video-preview:-1"},"og_locale":"fr_FR","og_type":"article","og_title":"Mentions l\u00e9gales - Adipmaster","og_description":"Publication and ownership ADIPMASTER.COM is published by the company EUROMI SA whose head office is located at the Zoning Industriel des Plenesses, 11 rue des Nouvelles Technologies, 4821 Andrimont (Belgium). This site is the property of the company EUROMI SA with as Responsible Mr. David Leleu, Managing Director of EUROMI SA. Terms of use These [&hellip;]","og_url":"https:\/\/www.adip.osmoze.be\/fr\/mentions-legales\/","og_site_name":"Adipmaster","article_modified_time":"2025-04-08T09:27:06+00:00","twitter_card":"summary_large_image","twitter_misc":{"Dur\u00e9e de lecture estim\u00e9e":"3 minutes"},"schema":{"@context":"https:\/\/schema.org","@graph":[{"@type":"WebPage","@id":"https:\/\/www.adip.osmoze.be\/fr\/mentions-legales\/","url":"https:\/\/www.adip.osmoze.be\/fr\/mentions-legales\/","name":"Mentions l\u00e9gales - Adipmaster","isPartOf":{"@id":"https:\/\/www.adip.osmoze.be\/fr\/#website"},"datePublished":"2024-11-14T07:47:54+00:00","dateModified":"2025-04-08T09:27:06+00:00","breadcrumb":{"@id":"https:\/\/www.adip.osmoze.be\/fr\/mentions-legales\/#breadcrumb"},"inLanguage":"fr-FR","potentialAction":[{"@type":"ReadAction","target":["https:\/\/www.adip.osmoze.be\/fr\/mentions-legales\/"]}]},{"@type":"BreadcrumbList","@id":"https:\/\/www.adip.osmoze.be\/fr\/mentions-legales\/#breadcrumb","itemListElement":[{"@type":"ListItem","position":1,"name":"Home","item":"https:\/\/www.adip.osmoze.be\/fr\/accueil\/"},{"@type":"ListItem","position":2,"name":"Legal Notice"}]},{"@type":"WebSite","@id":"https:\/\/www.adip.osmoze.be\/fr\/#website","url":"https:\/\/www.adip.osmoze.be\/fr\/","name":"Adipmaster","description":"","publisher":{"@id":"https:\/\/www.adip.osmoze.be\/fr\/#organization"},"potentialAction":[{"@type":"SearchAction","target":{"@type":"EntryPoint","urlTemplate":"https:\/\/www.adip.osmoze.be\/fr\/?s={search_term_string}"},"query-input":{"@type":"PropertyValueSpecification","valueRequired":true,"valueName":"search_term_string"}}],"inLanguage":"fr-FR"},{"@type":"Organization","@id":"https:\/\/www.adip.osmoze.be\/fr\/#organization","name":"Adipmaster","url":"https:\/\/www.adip.osmoze.be\/fr\/","logo":{"@type":"ImageObject","inLanguage":"fr-FR","@id":"https:\/\/www.adip.osmoze.be\/fr\/#\/schema\/logo\/image\/","url":"https:\/\/www.adip.osmoze.be\/wp-content\/uploads\/2024\/09\/Adipmaster.png","contentUrl":"https:\/\/www.adip.osmoze.be\/wp-content\/uploads\/2024\/09\/Adipmaster.png","width":2835,"height":917,"caption":"Adipmaster"},"image":{"@id":"https:\/\/www.adip.osmoze.be\/fr\/#\/schema\/logo\/image\/"}}]}},"_links":{"self":[{"href":"https:\/\/www.adip.osmoze.be\/fr\/wp-json\/wp\/v2\/pages\/3138","targetHints":{"allow":["GET"]}}],"collection":[{"href":"https:\/\/www.adip.osmoze.be\/fr\/wp-json\/wp\/v2\/pages"}],"about":[{"href":"https:\/\/www.adip.osmoze.be\/fr\/wp-json\/wp\/v2\/types\/page"}],"author":[{"embeddable":true,"href":"https:\/\/www.adip.osmoze.be\/fr\/wp-json\/wp\/v2\/users\/1"}],"replies":[{"embeddable":true,"href":"https:\/\/www.adip.osmoze.be\/fr\/wp-json\/wp\/v2\/comments?post=3138"}],"version-history":[{"count":3,"href":"https:\/\/www.adip.osmoze.be\/fr\/wp-json\/wp\/v2\/pages\/3138\/revisions"}],"predecessor-version":[{"id":7216,"href":"https:\/\/www.adip.osmoze.be\/fr\/wp-json\/wp\/v2\/pages\/3138\/revisions\/7216"}],"wp:attachment":[{"href":"https:\/\/www.adip.osmoze.be\/fr\/wp-json\/wp\/v2\/media?parent=3138"}],"curies":[{"name":"wp","href":"https:\/\/api.w.org\/{rel}","templated":true}]}}