{"id":2053,"date":"2024-11-03T16:12:06","date_gmt":"2024-11-03T16:12:06","guid":{"rendered":"https:\/\/adipmaster.com\/?page_id=2053"},"modified":"2025-09-04T08:58:33","modified_gmt":"2025-09-04T08:58:33","slug":"a-propos-euromi","status":"publish","type":"page","link":"https:\/\/www.adip.osmoze.be\/fr\/a-propos-euromi\/","title":{"rendered":"About"},"content":{"rendered":"<div data-elementor-type=\"wp-page\" data-elementor-id=\"2053\" class=\"elementor elementor-2053\" data-elementor-post-type=\"page\">\n\t\t\t\t<div class=\"elementor-element elementor-element-756df6f e-con-full e-flex e-con e-parent\" data-id=\"756df6f\" data-element_type=\"container\">\n\t\t<div class=\"elementor-element elementor-element-01da579 e-con-full e-flex e-con e-child\" data-id=\"01da579\" data-element_type=\"container\" data-settings=\"{&quot;background_background&quot;:&quot;classic&quot;}\">\n\t\t\t\t<div class=\"elementor-element elementor-element-4f771a7 elementor-widget elementor-widget-heading\" data-id=\"4f771a7\" data-element_type=\"widget\" data-widget_type=\"heading.default\">\n\t\t\t\t<div class=\"elementor-widget-container\">\n\t\t\t<h2 class=\"elementor-heading-title elementor-size-default\">Euromi S.A.<\/h2>\t\t<\/div>\n\t\t\t\t<\/div>\n\t\t\t\t<\/div>\n\t\t\t\t<\/div>\n\t\t<div class=\"elementor-element elementor-element-d9da854 e-flex e-con-boxed e-con e-parent\" data-id=\"d9da854\" data-element_type=\"container\">\n\t\t\t\t\t<div class=\"e-con-inner\">\n\t\t<div class=\"elementor-element elementor-element-db3a3e6 e-con-full e-flex e-con e-child\" data-id=\"db3a3e6\" data-element_type=\"container\">\n\t\t\t\t<div class=\"elementor-element elementor-element-ae5750d elementor-widget elementor-widget-heading\" data-id=\"ae5750d\" data-element_type=\"widget\" data-widget_type=\"heading.default\">\n\t\t\t\t<div class=\"elementor-widget-container\">\n\t\t\t<h2 class=\"elementor-heading-title elementor-size-default\">QUI SOMMES-NOUS ?<\/h2>\t\t<\/div>\n\t\t\t\t<\/div>\n\t\t\t\t<div class=\"elementor-element elementor-element-afd0c95 elementor-widget elementor-widget-heading\" data-id=\"afd0c95\" data-element_type=\"widget\" data-widget_type=\"heading.default\">\n\t\t\t\t<div class=\"elementor-widget-container\">\n\t\t\t<div class=\"elementor-heading-title elementor-size-default translation-block\">Adipmaster<sup>\u00ae<\/sup> est la derni\u00e8re innovation d'Euromi S.A., qui r\u00e9volutionne le domaine de la\nchirurgie esth\u00e9tique et reconstructive avec la <b>premi\u00e8re pi\u00e8ce \u00e0 main \u00e0 usage unique au\nmonde <\/b>sp\u00e9cialement con\u00e7ue pour les proc\u00e9dures de liposuccion et de lipofilling. Ce\nproduit unique offre aux praticiens une solution s\u00fbre et efficace qui r\u00e9pond aux normes\n\u00e9lev\u00e9es de s\u00e9curit\u00e9 et de pr\u00e9cision exig\u00e9es dans le paysage m\u00e9dical actuel.<\/div>\t\t<\/div>\n\t\t\t\t<\/div>\n\t\t\t\t<\/div>\n\t\t\t\t\t<\/div>\n\t\t\t\t<\/div>\n\t\t<div class=\"elementor-element elementor-element-6a79344 e-flex e-con-boxed e-con e-parent\" data-id=\"6a79344\" data-element_type=\"container\">\n\t\t\t\t\t<div class=\"e-con-inner\">\n\t\t<div class=\"elementor-element elementor-element-82a275a e-con-full e-flex e-con e-child\" data-id=\"82a275a\" data-element_type=\"container\">\n\t\t\t\t<div class=\"elementor-element elementor-element-083cbd8 elementor-widget elementor-widget-heading\" data-id=\"083cbd8\" data-element_type=\"widget\" data-widget_type=\"heading.default\">\n\t\t\t\t<div class=\"elementor-widget-container\">\n\t\t\t<h3 class=\"elementor-heading-title elementor-size-default\">Une offre compl\u00e8te<\/h3>\t\t<\/div>\n\t\t\t\t<\/div>\n\t\t\t\t<div class=\"elementor-element elementor-element-73cfea5 elementor-widget elementor-widget-heading\" data-id=\"73cfea5\" data-element_type=\"widget\" data-widget_type=\"heading.default\">\n\t\t\t\t<div class=\"elementor-widget-container\">\n\t\t\t<p class=\"elementor-heading-title elementor-size-default translation-block\">Fond\u00e9e en 1990, Euromi est une soci\u00e9t\u00e9 belge\nconnue pour avoir d\u00e9velopp\u00e9 la technique\nNutational Infrasonic Liposculpture (N.I.L.<sup>\u00ae<\/sup>),\nune approche unique de liposuccion qui allie\nconfort et pr\u00e9cision. Utilisant les appareils\nEvamatic<sup>\u00ae<\/sup>  et Eva sp<sup>\u00ae<\/sup>, cette technologie permet\nde remodeler le corps tout en pr\u00e9servant les\ntissus environnants, assurant ainsi une\nr\u00e9cup\u00e9ration plus rapide et des r\u00e9sultats\noptimaux.<br><br>\nAfin de proposer une offre compl\u00e8te en mati\u00e8re\nde liposuccion et de lipofilling \u00e0 des fins\nesth\u00e9tiques et m\u00e9dicales, Euromi propose\n\u00e9galement des v\u00eatements de compression\npostop\u00e9ratoire et des pansements en silicone \u00e0\nutiliser apr\u00e8s de telles proc\u00e9dures. Nous\nproposons \u00e9galement des implants mammaires\n(gamme Cereform<sup>\u00ae<\/sup>) et des instruments de\nm\u00e9soth\u00e9rapie (gamme Dermatic<sup>\u00ae<\/sup>).<\/p>\t\t<\/div>\n\t\t\t\t<\/div>\n\t\t\t\t<div class=\"elementor-element elementor-element-911c781 elementor-widget elementor-widget-heading\" data-id=\"911c781\" data-element_type=\"widget\" data-widget_type=\"heading.default\">\n\t\t\t\t<div class=\"elementor-widget-container\">\n\t\t\t<h3 class=\"elementor-heading-title elementor-size-default translation-block\">En quoi la gamme Adipmaster<sup>\u00ae<\/sup> se\ndistingue-t-elle ? Pourquoi l'usage unique\n?<\/h3>\t\t<\/div>\n\t\t\t\t<\/div>\n\t\t\t\t<div class=\"elementor-element elementor-element-ee3f668 elementor-widget elementor-widget-heading\" data-id=\"ee3f668\" data-element_type=\"widget\" data-widget_type=\"heading.default\">\n\t\t\t\t<div class=\"elementor-widget-container\">\n\t\t\t<p class=\"elementor-heading-title elementor-size-default\">Adipmaster<sup>\u00ae<\/sup> answers the growing needs for\npatient safety and comfort by enabling\nprofessionals to have new and ready-to-use\nequipment at all times, thereby minimizing the\nrisks of contamination. This unique device\naligns with Euromi's commitment to offer highquality products that are recognized and\ncertified to the most demanding medical\nstandards. The Adipmaster\u00ae range has obtained\nCE marking 2797 in 2025.<\/p>\t\t<\/div>\n\t\t\t\t<\/div>\n\t\t\t\t<div class=\"elementor-element elementor-element-5ad632c elementor-widget elementor-widget-heading\" data-id=\"5ad632c\" data-element_type=\"widget\" data-widget_type=\"heading.default\">\n\t\t\t\t<div class=\"elementor-widget-container\">\n\t\t\t<h3 class=\"elementor-heading-title elementor-size-default\">Notre pr\u00e9sence mondiale<\/h3>\t\t<\/div>\n\t\t\t\t<\/div>\n\t\t\t\t<div class=\"elementor-element elementor-element-905f468 elementor-widget elementor-widget-heading\" data-id=\"905f468\" data-element_type=\"widget\" data-widget_type=\"heading.default\">\n\t\t\t\t<div class=\"elementor-widget-container\">\n\t\t\t<p class=\"elementor-heading-title elementor-size-default translation-block\">Aujourd'hui, Euromi est pr\u00e9sent dans plus de 50 pays et est reconnu pour son\nengagement en faveur de l'innovation m\u00e9dicale et de la satisfaction des praticiens et\ndes patients. Avec Adipmaster<sup>\u00ae<\/sup>, nous continuons d\u2019ouvrir la voie \u00e0 une chirurgie\nesth\u00e9tique plus s\u00fbre, plus efficace et r\u00e9pondant aux exigences contemporaines.<\/p>\t\t<\/div>\n\t\t\t\t<\/div>\n\t\t\t\t<div class=\"elementor-element elementor-element-f14167b elementor-align-left animated-slow elementor-invisible elementor-widget elementor-widget-button\" data-id=\"f14167b\" data-element_type=\"widget\" data-settings=\"{&quot;_animation&quot;:&quot;fadeInUp&quot;,&quot;_animation_delay&quot;:500}\" data-widget_type=\"button.default\">\n\t\t\t\t<div class=\"elementor-widget-container\">\n\t\t\t\t\t\t\t<div class=\"elementor-button-wrapper translation-block\"><a class=\"elementor-button elementor-button-link elementor-size-sm elementor-animation-grow\" href=\"https:\/\/www.adip.osmoze.be\/contact-us\/\" target=\"_self\">\n\t\t\t\t\t\t<span class=\"elementor-button-content-wrapper\">\n\t\t\t\t\t\t\t\t\t<span class=\"elementor-button-text\">Contactez-nous d\u00e8s aujourd'hui pour en savoir plus sur la gamme Adipmaster<sup>\u00ae<\/sup><\/span>\n\t\t\t\t\t<\/span>\n\t\t\t\t\t<\/a><\/div>\n\t\t\t\t\t\t<\/div>\n\t\t\t\t<\/div>\n\t\t\t\t<\/div>\n\t\t<div class=\"elementor-element elementor-element-71cdc47 e-con-full e-flex e-con e-child\" data-id=\"71cdc47\" data-element_type=\"container\">\n\t\t\t\t<div class=\"elementor-element elementor-element-75d1c55 elementor-widget elementor-widget-image\" data-id=\"75d1c55\" data-element_type=\"widget\" data-widget_type=\"image.default\">\n\t\t\t\t<div class=\"elementor-widget-container\">\n\t\t\t\t\t\t\t\t\t\t\t\t\t<img fetchpriority=\"high\" decoding=\"async\" width=\"683\" height=\"1024\" src=\"https:\/\/www.adip.osmoze.be\/wp-content\/uploads\/2024\/11\/EUROMI-Body-4.4-683x1024.webp\" class=\"attachment-large size-large wp-image-2058\" alt=\"Woman Adipmaster walking\" srcset=\"https:\/\/www.adip.osmoze.be\/wp-content\/uploads\/2024\/11\/EUROMI-Body-4.4-683x1024.webp 683w, https:\/\/www.adip.osmoze.be\/wp-content\/uploads\/2024\/11\/EUROMI-Body-4.4-200x300.webp 200w, https:\/\/www.adip.osmoze.be\/wp-content\/uploads\/2024\/11\/EUROMI-Body-4.4-768x1151.webp 768w, https:\/\/www.adip.osmoze.be\/wp-content\/uploads\/2024\/11\/EUROMI-Body-4.4-1025x1536.webp 1025w, https:\/\/www.adip.osmoze.be\/wp-content\/uploads\/2024\/11\/EUROMI-Body-4.4-8x12.webp 8w, https:\/\/www.adip.osmoze.be\/wp-content\/uploads\/2024\/11\/EUROMI-Body-4.4.webp 1326w\" sizes=\"(max-width: 683px) 100vw, 683px\" \/>\t\t\t\t\t\t\t\t\t\t\t\t\t<\/div>\n\t\t\t\t<\/div>\n\t\t\t\t<\/div>\n\t\t\t\t\t<\/div>\n\t\t\t\t<\/div>\n\t\t\t\t<\/div>","protected":false},"excerpt":{"rendered":"<p>Euromi S.A. WHO ARE WE? Adipmaster\u00ae is the latest innovation from Euromi S.A., revolutionizing the field of aesthetic and reconstructive surgery with the world\u2019s first single-use handpiece specifically designed for liposuction and lipofilling procedures. This unique product offers practitioners a secure and efficient solution that meets the high standards of safety and precision demanded in [&hellip;]<\/p>","protected":false},"author":1,"featured_media":0,"parent":0,"menu_order":0,"comment_status":"closed","ping_status":"closed","template":"elementor_header_footer","meta":{"footnotes":""},"class_list":["post-2053","page","type-page","status-publish","hentry"],"yoast_head":"<!-- This site is optimized with the Yoast SEO plugin v26.4 - https:\/\/yoast.com\/wordpress\/plugins\/seo\/ -->\n<title>Euromi, sp\u00e9cialiste de la chirurgie esth\u00e9tique et reconstructrice - Adipmaster<\/title>\n<meta name=\"description\" content=\"Euromi est connu pour sa technique de liposuccion N.I.L. et r\u00e9volutionne d\u00e9sormais le domaine de la chirurgie esth\u00e9tique et reconstrucrice avec l&#039;Adipmaster\u00ae. L&#039;Adipmaster\u00ae est en effet la 1\u00e8re pi\u00e8ce \u00e0 main \u00e0 usage unique au monde. Euromi souhaite offrir aux praticiens s\u00e9curit\u00e9 et performance.\" \/>\n<meta name=\"robots\" content=\"noindex, follow, max-snippet:-1, max-image-preview:large, max-video-preview:-1\" \/>\n<meta property=\"og:locale\" content=\"fr_FR\" \/>\n<meta property=\"og:type\" content=\"article\" \/>\n<meta property=\"og:title\" content=\"Euromi, sp\u00e9cialiste de la chirurgie esth\u00e9tique et reconstructrice - Adipmaster\" \/>\n<meta property=\"og:description\" content=\"Euromi est connu pour sa technique de liposuccion N.I.L. et r\u00e9volutionne d\u00e9sormais le domaine de la chirurgie esth\u00e9tique et reconstrucrice avec l&#039;Adipmaster\u00ae. L&#039;Adipmaster\u00ae est en effet la 1\u00e8re pi\u00e8ce \u00e0 main \u00e0 usage unique au monde. Euromi souhaite offrir aux praticiens s\u00e9curit\u00e9 et performance.\" \/>\n<meta property=\"og:url\" content=\"https:\/\/www.adip.osmoze.be\/fr\/a-propos-euromi\/\" \/>\n<meta property=\"og:site_name\" content=\"Adipmaster\" \/>\n<meta property=\"article:modified_time\" content=\"2025-09-04T08:58:33+00:00\" \/>\n<meta property=\"og:image\" content=\"https:\/\/www.adip.osmoze.be\/wp-content\/uploads\/2024\/11\/EUROMI-Body-4.4.webp\" \/>\n\t<meta property=\"og:image:width\" content=\"1326\" \/>\n\t<meta property=\"og:image:height\" content=\"1988\" \/>\n\t<meta property=\"og:image:type\" content=\"image\/webp\" \/>\n<meta name=\"twitter:card\" content=\"summary_large_image\" \/>\n<meta name=\"twitter:label1\" content=\"Dur\u00e9e de lecture estim\u00e9e\" \/>\n\t<meta name=\"twitter:data1\" content=\"2 minutes\" \/>\n<script type=\"application\/ld+json\" class=\"yoast-schema-graph\">{\"@context\":\"https:\/\/schema.org\",\"@graph\":[{\"@type\":\"WebPage\",\"@id\":\"https:\/\/www.adip.osmoze.be\/fr\/a-propos-euromi\/\",\"url\":\"https:\/\/www.adip.osmoze.be\/fr\/a-propos-euromi\/\",\"name\":\"Euromi, sp\u00e9cialiste de la chirurgie esth\u00e9tique et reconstructrice - Adipmaster\",\"isPartOf\":{\"@id\":\"https:\/\/www.adip.osmoze.be\/fr\/#website\"},\"primaryImageOfPage\":{\"@id\":\"https:\/\/www.adip.osmoze.be\/fr\/a-propos-euromi\/#primaryimage\"},\"image\":{\"@id\":\"https:\/\/www.adip.osmoze.be\/fr\/a-propos-euromi\/#primaryimage\"},\"thumbnailUrl\":\"https:\/\/www.adip.osmoze.be\/wp-content\/uploads\/2024\/11\/EUROMI-Body-4.4-683x1024.webp\",\"datePublished\":\"2024-11-03T16:12:06+00:00\",\"dateModified\":\"2025-09-04T08:58:33+00:00\",\"description\":\"Euromi est connu pour sa technique de liposuccion N.I.L. et r\u00e9volutionne d\u00e9sormais le domaine de la chirurgie esth\u00e9tique et reconstrucrice avec l'Adipmaster\u00ae. L'Adipmaster\u00ae est en effet la 1\u00e8re pi\u00e8ce \u00e0 main \u00e0 usage unique au monde. Euromi souhaite offrir aux praticiens s\u00e9curit\u00e9 et performance.\",\"breadcrumb\":{\"@id\":\"https:\/\/www.adip.osmoze.be\/fr\/a-propos-euromi\/#breadcrumb\"},\"inLanguage\":\"fr-FR\",\"potentialAction\":[{\"@type\":\"ReadAction\",\"target\":[\"https:\/\/www.adip.osmoze.be\/fr\/a-propos-euromi\/\"]}]},{\"@type\":\"ImageObject\",\"inLanguage\":\"fr-FR\",\"@id\":\"https:\/\/www.adip.osmoze.be\/fr\/a-propos-euromi\/#primaryimage\",\"url\":\"https:\/\/www.adip.osmoze.be\/wp-content\/uploads\/2024\/11\/EUROMI-Body-4.4-683x1024.webp\",\"contentUrl\":\"https:\/\/www.adip.osmoze.be\/wp-content\/uploads\/2024\/11\/EUROMI-Body-4.4-683x1024.webp\"},{\"@type\":\"BreadcrumbList\",\"@id\":\"https:\/\/www.adip.osmoze.be\/fr\/a-propos-euromi\/#breadcrumb\",\"itemListElement\":[{\"@type\":\"ListItem\",\"position\":1,\"name\":\"Home\",\"item\":\"https:\/\/www.adip.osmoze.be\/fr\/accueil\/\"},{\"@type\":\"ListItem\",\"position\":2,\"name\":\"About\"}]},{\"@type\":\"WebSite\",\"@id\":\"https:\/\/www.adip.osmoze.be\/fr\/#website\",\"url\":\"https:\/\/www.adip.osmoze.be\/fr\/\",\"name\":\"Adipmaster\",\"description\":\"\",\"publisher\":{\"@id\":\"https:\/\/www.adip.osmoze.be\/fr\/#organization\"},\"potentialAction\":[{\"@type\":\"SearchAction\",\"target\":{\"@type\":\"EntryPoint\",\"urlTemplate\":\"https:\/\/www.adip.osmoze.be\/fr\/?s={search_term_string}\"},\"query-input\":{\"@type\":\"PropertyValueSpecification\",\"valueRequired\":true,\"valueName\":\"search_term_string\"}}],\"inLanguage\":\"fr-FR\"},{\"@type\":\"Organization\",\"@id\":\"https:\/\/www.adip.osmoze.be\/fr\/#organization\",\"name\":\"Adipmaster\",\"url\":\"https:\/\/www.adip.osmoze.be\/fr\/\",\"logo\":{\"@type\":\"ImageObject\",\"inLanguage\":\"fr-FR\",\"@id\":\"https:\/\/www.adip.osmoze.be\/fr\/#\/schema\/logo\/image\/\",\"url\":\"https:\/\/www.adip.osmoze.be\/wp-content\/uploads\/2024\/09\/Adipmaster.png\",\"contentUrl\":\"https:\/\/www.adip.osmoze.be\/wp-content\/uploads\/2024\/09\/Adipmaster.png\",\"width\":2835,\"height\":917,\"caption\":\"Adipmaster\"},\"image\":{\"@id\":\"https:\/\/www.adip.osmoze.be\/fr\/#\/schema\/logo\/image\/\"}}]}<\/script>\n<!-- \/ Yoast SEO plugin. -->","yoast_head_json":{"title":"Euromi, sp\u00e9cialiste de la chirurgie esth\u00e9tique et reconstructrice - Adipmaster","description":"Euromi est connu pour sa technique de liposuccion N.I.L. et r\u00e9volutionne d\u00e9sormais le domaine de la chirurgie esth\u00e9tique et reconstrucrice avec l'Adipmaster\u00ae. L'Adipmaster\u00ae est en effet la 1\u00e8re pi\u00e8ce \u00e0 main \u00e0 usage unique au monde. Euromi souhaite offrir aux praticiens s\u00e9curit\u00e9 et performance.","robots":{"index":"noindex","follow":"follow","max-snippet":"max-snippet:-1","max-image-preview":"max-image-preview:large","max-video-preview":"max-video-preview:-1"},"og_locale":"fr_FR","og_type":"article","og_title":"Euromi, sp\u00e9cialiste de la chirurgie esth\u00e9tique et reconstructrice - Adipmaster","og_description":"Euromi est connu pour sa technique de liposuccion N.I.L. et r\u00e9volutionne d\u00e9sormais le domaine de la chirurgie esth\u00e9tique et reconstrucrice avec l'Adipmaster\u00ae. L'Adipmaster\u00ae est en effet la 1\u00e8re pi\u00e8ce \u00e0 main \u00e0 usage unique au monde. Euromi souhaite offrir aux praticiens s\u00e9curit\u00e9 et performance.","og_url":"https:\/\/www.adip.osmoze.be\/fr\/a-propos-euromi\/","og_site_name":"Adipmaster","article_modified_time":"2025-09-04T08:58:33+00:00","og_image":[{"width":1326,"height":1988,"url":"https:\/\/www.adip.osmoze.be\/wp-content\/uploads\/2024\/11\/EUROMI-Body-4.4.webp","type":"image\/webp"}],"twitter_card":"summary_large_image","twitter_misc":{"Dur\u00e9e de lecture estim\u00e9e":"2 minutes"},"schema":{"@context":"https:\/\/schema.org","@graph":[{"@type":"WebPage","@id":"https:\/\/www.adip.osmoze.be\/fr\/a-propos-euromi\/","url":"https:\/\/www.adip.osmoze.be\/fr\/a-propos-euromi\/","name":"Euromi, sp\u00e9cialiste de la chirurgie esth\u00e9tique et reconstructrice - Adipmaster","isPartOf":{"@id":"https:\/\/www.adip.osmoze.be\/fr\/#website"},"primaryImageOfPage":{"@id":"https:\/\/www.adip.osmoze.be\/fr\/a-propos-euromi\/#primaryimage"},"image":{"@id":"https:\/\/www.adip.osmoze.be\/fr\/a-propos-euromi\/#primaryimage"},"thumbnailUrl":"https:\/\/www.adip.osmoze.be\/wp-content\/uploads\/2024\/11\/EUROMI-Body-4.4-683x1024.webp","datePublished":"2024-11-03T16:12:06+00:00","dateModified":"2025-09-04T08:58:33+00:00","description":"Euromi est connu pour sa technique de liposuccion N.I.L. et r\u00e9volutionne d\u00e9sormais le domaine de la chirurgie esth\u00e9tique et reconstrucrice avec l'Adipmaster\u00ae. L'Adipmaster\u00ae est en effet la 1\u00e8re pi\u00e8ce \u00e0 main \u00e0 usage unique au monde. Euromi souhaite offrir aux praticiens s\u00e9curit\u00e9 et performance.","breadcrumb":{"@id":"https:\/\/www.adip.osmoze.be\/fr\/a-propos-euromi\/#breadcrumb"},"inLanguage":"fr-FR","potentialAction":[{"@type":"ReadAction","target":["https:\/\/www.adip.osmoze.be\/fr\/a-propos-euromi\/"]}]},{"@type":"ImageObject","inLanguage":"fr-FR","@id":"https:\/\/www.adip.osmoze.be\/fr\/a-propos-euromi\/#primaryimage","url":"https:\/\/www.adip.osmoze.be\/wp-content\/uploads\/2024\/11\/EUROMI-Body-4.4-683x1024.webp","contentUrl":"https:\/\/www.adip.osmoze.be\/wp-content\/uploads\/2024\/11\/EUROMI-Body-4.4-683x1024.webp"},{"@type":"BreadcrumbList","@id":"https:\/\/www.adip.osmoze.be\/fr\/a-propos-euromi\/#breadcrumb","itemListElement":[{"@type":"ListItem","position":1,"name":"Home","item":"https:\/\/www.adip.osmoze.be\/fr\/accueil\/"},{"@type":"ListItem","position":2,"name":"About"}]},{"@type":"WebSite","@id":"https:\/\/www.adip.osmoze.be\/fr\/#website","url":"https:\/\/www.adip.osmoze.be\/fr\/","name":"Adipmaster","description":"","publisher":{"@id":"https:\/\/www.adip.osmoze.be\/fr\/#organization"},"potentialAction":[{"@type":"SearchAction","target":{"@type":"EntryPoint","urlTemplate":"https:\/\/www.adip.osmoze.be\/fr\/?s={search_term_string}"},"query-input":{"@type":"PropertyValueSpecification","valueRequired":true,"valueName":"search_term_string"}}],"inLanguage":"fr-FR"},{"@type":"Organization","@id":"https:\/\/www.adip.osmoze.be\/fr\/#organization","name":"Adipmaster","url":"https:\/\/www.adip.osmoze.be\/fr\/","logo":{"@type":"ImageObject","inLanguage":"fr-FR","@id":"https:\/\/www.adip.osmoze.be\/fr\/#\/schema\/logo\/image\/","url":"https:\/\/www.adip.osmoze.be\/wp-content\/uploads\/2024\/09\/Adipmaster.png","contentUrl":"https:\/\/www.adip.osmoze.be\/wp-content\/uploads\/2024\/09\/Adipmaster.png","width":2835,"height":917,"caption":"Adipmaster"},"image":{"@id":"https:\/\/www.adip.osmoze.be\/fr\/#\/schema\/logo\/image\/"}}]}},"_links":{"self":[{"href":"https:\/\/www.adip.osmoze.be\/fr\/wp-json\/wp\/v2\/pages\/2053","targetHints":{"allow":["GET"]}}],"collection":[{"href":"https:\/\/www.adip.osmoze.be\/fr\/wp-json\/wp\/v2\/pages"}],"about":[{"href":"https:\/\/www.adip.osmoze.be\/fr\/wp-json\/wp\/v2\/types\/page"}],"author":[{"embeddable":true,"href":"https:\/\/www.adip.osmoze.be\/fr\/wp-json\/wp\/v2\/users\/1"}],"replies":[{"embeddable":true,"href":"https:\/\/www.adip.osmoze.be\/fr\/wp-json\/wp\/v2\/comments?post=2053"}],"version-history":[{"count":50,"href":"https:\/\/www.adip.osmoze.be\/fr\/wp-json\/wp\/v2\/pages\/2053\/revisions"}],"predecessor-version":[{"id":8055,"href":"https:\/\/www.adip.osmoze.be\/fr\/wp-json\/wp\/v2\/pages\/2053\/revisions\/8055"}],"wp:attachment":[{"href":"https:\/\/www.adip.osmoze.be\/fr\/wp-json\/wp\/v2\/media?parent=2053"}],"curies":[{"name":"wp","href":"https:\/\/api.w.org\/{rel}","templated":true}]}}